{"id":15722,"date":"2022-01-23T16:58:56","date_gmt":"2022-01-23T16:58:56","guid":{"rendered":"https:\/\/123savers.com\/index.php\/product\/swedish-dishcloths-for-kitchen-washable-cellulose-dish-cloth-reusable-paper-towel-sponge-cloth-by-epare\/"},"modified":"2022-01-23T16:58:56","modified_gmt":"2022-01-23T16:58:56","slug":"swedish-dishcloths-for-kitchen-washable-cellulose-dish-cloth-reusable-paper-towel-sponge-cloth-by-epare","status":"publish","type":"product","link":"https:\/\/123savers.com\/index.php\/product\/swedish-dishcloths-for-kitchen-washable-cellulose-dish-cloth-reusable-paper-towel-sponge-cloth-by-epare\/","title":{"rendered":"Swedish Dishcloths For Kitchen &#8211; Washable Cellulose Dish Cloth &#8211; Reusable Paper Towel &amp; Sponge Cloth by Epar\u00e9"},"content":{"rendered":"<div class=\"celwidget aplus-module launchpad-company-logo aplus-standard\" data-csa-c-id=\"5b9zyj-6yum50-d1cr7c-uw0vgu\" data-cel-widget=\"aplus-launchpad-company-logo\">\n<div class=\"a-section a-text-center launchpad-module launchpad-module-company-logo\"> <img decoding=\"async\" alt=\"epare kitchen entertaining products gifts for the chef home housewarming summer patio\" src=\"https:\/\/images-na.ssl-images-amazon.com\/images\/G\/01\/x-locale\/common\/grey-pixel.gif\" class=\"a-lazy-loaded\" data-src=\"https:\/\/m.media-amazon.com\/images\/S\/aplus-media-library-service-media\/eec10438-3b88-4647-8222-6d16992a9c66.__CR0,0,600,180_PT0_SX600_V1___.jpg\"><img decoding=\"async\" alt=\"epare kitchen entertaining products gifts for the chef home housewarming summer patio\" src=\"https:\/\/m.media-amazon.com\/images\/S\/aplus-media-library-service-media\/eec10438-3b88-4647-8222-6d16992a9c66.__CR0,0,600,180_PT0_SX600_V1___.jpg\"> <\/div>\n<\/p><\/div>\n<div class=\"celwidget aplus-module launchpad-brand-description-left aplus-standard\" data-csa-c-id=\"dlm1b4-pug92w-cxrtks-cr2r7o\" data-cel-widget=\"aplus-launchpad-brand-description-left\">\n<div class=\"a-section launchpad-module launchpad-module-brand-description-left\">\n<div class=\"a-section launchpad-text-left-justify\">\n<p> WHAT HAPPENS WHEN YOU BUY AN EPAR\u00c9 PRODUCT? YOUR KITCHEN IMMEDIATELY GETS AN UPGRADE! <\/p>\n<p> We\u2019ve got you covered with our wide selection of unique accessories for breakfast, dinner and everything in-between! Empowering entertainers since 2012. We\u2019re here to provide you the products you need to turn your kitchen into a place of joy and conversation. Delivering affordable versatile products is kind of our thing, and don&#8217;t forget about our lifetime quality promise and fancy packaging. Every product you get from Epar\u00e9 is an experience that will put a smile on your face and put you in a league with thousands of happy entertainers that came before you! <\/p>\n<\/p><\/div>\n<\/p><\/div>\n<\/p><\/div>\n<div class=\"celwidget aplus-module 3p-module-b aplus-standard\" data-csa-c-id=\"2g989i-rhbbeb-x86dkn-tdsmpn\" data-cel-widget=\"aplus-3p-module-b\">\n<div class=\"aplus-module-wrapper aplus-3p-fixed-width\"> <img decoding=\"async\" alt=\"swedish dishcloths dish cloths sponges kitchen for washing dishes cleaning made in usa reusable\" src=\"https:\/\/images-na.ssl-images-amazon.com\/images\/G\/01\/x-locale\/common\/grey-pixel.gif\" class=\"a-spacing-base a-lazy-loaded\" data-src=\"https:\/\/m.media-amazon.com\/images\/S\/aplus-media-library-service-media\/b50cc3a6-f1d3-4358-b337-35f9abb0a212.__CR0,0,970,600_PT0_SX970_V1___.jpg\"><img decoding=\"async\" alt=\"swedish dishcloths dish cloths sponges kitchen for washing dishes cleaning made in usa reusable\" src=\"https:\/\/m.media-amazon.com\/images\/S\/aplus-media-library-service-media\/b50cc3a6-f1d3-4358-b337-35f9abb0a212.__CR0,0,970,600_PT0_SX970_V1___.jpg\"> <\/div>\n<\/p><\/div>\n<div class=\"celwidget aplus-module 3p-module-b aplus-standard\" data-csa-c-id=\"6ffvu5-rqud39-4pgbt6-tiql72\" data-cel-widget=\"aplus-3p-module-b\">\n<div class=\"aplus-module-wrapper aplus-3p-fixed-width\"> <img decoding=\"async\" alt=\"paper towels washable clothes house wash sponge dishcloth cellulose counters wet it european\" src=\"https:\/\/images-na.ssl-images-amazon.com\/images\/G\/01\/x-locale\/common\/grey-pixel.gif\" class=\"a-spacing-base a-lazy-loaded\" data-src=\"https:\/\/m.media-amazon.com\/images\/S\/aplus-media-library-service-media\/a824ebf7-380d-4134-915b-b93d487736e8.__CR0,0,970,600_PT0_SX970_V1___.jpg\"><img decoding=\"async\" alt=\"paper towels washable clothes house wash sponge dishcloth cellulose counters wet it european\" src=\"https:\/\/m.media-amazon.com\/images\/S\/aplus-media-library-service-media\/a824ebf7-380d-4134-915b-b93d487736e8.__CR0,0,970,600_PT0_SX970_V1___.jpg\"> <\/div>\n<\/p><\/div>\n<div class=\"celwidget aplus-module module-9 aplus-standard\" data-csa-c-id=\"p9ip1e-jh5ukx-2owizt-2l3rf1\" data-cel-widget=\"aplus-module-9\">\n<div data-a-expander-name=\"aplus-module-expander\" data-a-expander-collapsed-height=\"700\" class=\"a-expander-collapsed-height a-row a-expander-container a-expander-partial-collapse-container\">\n<div class=\"a-expander-content a-expander-partial-collapse-content\">\n<div class=\"aplus-module-wrapper apm-fixed-width\">\n<div class=\"apm-spacing apm-fixed-width\">\n<table class=\"apm-fixed-width apm-eventhirdcol-table\">\n<tbody>\n<tr>\n<th class=\"apm-center\">\n<div class=\"apm-eventhirdcol apm-floatleft\">\n<p> <img decoding=\"async\" alt=\"towel alternative esponja bamboo disposable reuseable rags odor free replacement\" src=\"https:\/\/images-na.ssl-images-amazon.com\/images\/G\/01\/x-locale\/common\/grey-pixel.gif\" class=\"a-spacing-mini a-lazy-loaded\" data-src=\"https:\/\/m.media-amazon.com\/images\/S\/aplus-media-library-service-media\/23035ff6-6607-43e7-aee8-a4d2b1cd0099.__CR0,0,300,300_PT0_SX300_V1___.jpg\"><\/p>\n<p> <img decoding=\"async\" alt=\"towel alternative esponja bamboo disposable reuseable rags odor free replacement\" src=\"https:\/\/m.media-amazon.com\/images\/S\/aplus-media-library-service-media\/23035ff6-6607-43e7-aee8-a4d2b1cd0099.__CR0,0,300,300_PT0_SX300_V1___.jpg\"> <\/div>\n<\/th>\n<th class=\"apm-center\">\n<div class=\"apm-eventhirdcol apm-floatleft\">\n<p> <img decoding=\"async\" alt=\"washcloths sweedish swidish papertowels sweden flat napkins visit wholesale store large cotton\" src=\"https:\/\/images-na.ssl-images-amazon.com\/images\/G\/01\/x-locale\/common\/grey-pixel.gif\" class=\"a-spacing-mini a-lazy-loaded\" data-src=\"https:\/\/m.media-amazon.com\/images\/S\/aplus-media-library-service-media\/18c2baa0-7e1c-4464-917b-4d46007abff4.__CR0,0,300,300_PT0_SX300_V1___.jpg\"><\/p>\n<p> <img decoding=\"async\" alt=\"washcloths sweedish swidish papertowels sweden flat napkins visit wholesale store large cotton\" src=\"https:\/\/m.media-amazon.com\/images\/S\/aplus-media-library-service-media\/18c2baa0-7e1c-4464-917b-4d46007abff4.__CR0,0,300,300_PT0_SX300_V1___.jpg\"> <\/div>\n<\/th>\n<th class=\"apm-center\">\n<div class=\"apm-eventhirdcol apm-floatleft\">\n<p> <img decoding=\"async\" alt=\"countertop small papel celulosa dishtowels set twist euro cute absorbant shammy gray amala magic\" src=\"https:\/\/images-na.ssl-images-amazon.com\/images\/G\/01\/x-locale\/common\/grey-pixel.gif\" class=\"a-spacing-mini a-lazy-loaded\" data-src=\"https:\/\/m.media-amazon.com\/images\/S\/aplus-media-library-service-media\/80d4a249-199e-4127-b3f1-644439f1daf2.__CR0,0,300,300_PT0_SX300_V1___.jpg\"><\/p>\n<p> <img decoding=\"async\" alt=\"countertop small papel celulosa dishtowels set twist euro cute absorbant shammy gray amala magic\" src=\"https:\/\/m.media-amazon.com\/images\/S\/aplus-media-library-service-media\/80d4a249-199e-4127-b3f1-644439f1daf2.__CR0,0,300,300_PT0_SX300_V1___.jpg\"> <\/div>\n<\/th>\n<\/tr>\n<tr>\n<td class=\"apm-top\">\n<div class=\"apm-eventhirdcol apm-floatleft\">\n<h4 class=\"a-spacing-mini\"> Super Absorbent <\/h4>\n<p> Our Swedish dishcloths soak up 20 times their weight in liquid, so they&#8217;re perfect to have on hand for spills, dishes, and general kitchen cleanup duties. They&#8217;re made of cellulose and are much more absorbent than your typical sponge, so you&#8217;ll save on cleanup time and expensive paper and wasteful towels too! <\/p>\n<\/p><\/div>\n<\/td>\n<td class=\"apm-top\">\n<div class=\"apm-eventhirdcol apm-floatleft\">\n<h4 class=\"a-spacing-mini\"> Durable and Reusable <\/h4>\n<p> Stop throwing away money at endless rolls of paper towels or synthetic plastic-based sponges. These dishcloths are made of 100% cellulose and cotton, and these are sourced from Sweden. They will serve you well and then degrade when they&#8217;re done. They&#8217;ll last for two months or longer and are dishwasher-safe and machine washable. <\/p>\n<\/p><\/div>\n<\/td>\n<td class=\"apm-top\">\n<div class=\"apm-eventhirdcol apm-floatleft\">\n<h4 class=\"a-spacing-mini\"> Quick Dry <\/h4>\n<p> Our Swedish dish cloth dries quickly to prevent unpleasant odors. It goes right into the dishwasher and can be thrown into the washer hundreds of times and still hold up. <\/p>\n<\/p><\/div>\n<\/td>\n<\/tr>\n<\/tbody>\n<\/table><\/div>\n<\/p><\/div>\n<div><\/div>\n<\/p><\/div>\n<div class=\"a-expander-header a-expander-partial-collapse-header a-text-left\">\n<div class=\"a-expander-content-fade\"><\/div>\n<p> <a href=\"void(0)\" data-action=\"a-expander-toggle\" class=\"a-declarative\" data-a-expander-toggle=\"{\"><i class=\"a-icon a-icon-extender-expand\"><\/i><span class=\"a-expander-prompt\">Read more<\/span><\/a> <\/div>\n<\/p><\/div>\n<\/p><\/div>\n<div class=\"celwidget aplus-module module-9 aplus-standard\" data-csa-c-id=\"gaa8ae-cs40jn-e47cmt-qb92t7\" data-cel-widget=\"aplus-module-9\">\n<div data-a-expander-name=\"aplus-module-expander\" data-a-expander-collapsed-height=\"700\" class=\"a-expander-collapsed-height a-row a-expander-container a-expander-partial-collapse-container\">\n<div class=\"a-expander-content a-expander-partial-collapse-content\">\n<div class=\"aplus-module-wrapper apm-fixed-width\">\n<div class=\"apm-spacing apm-fixed-width\">\n<table class=\"apm-fixed-width apm-eventhirdcol-table\">\n<tbody>\n<tr>\n<th class=\"apm-center\">\n<div class=\"apm-eventhirdcol apm-floatleft\">\n<p> <img decoding=\"async\" alt=\"toallas para limpiar cocina quick dry rag with snaps cose nuove white dii\" src=\"https:\/\/images-na.ssl-images-amazon.com\/images\/G\/01\/x-locale\/common\/grey-pixel.gif\" class=\"a-spacing-mini a-lazy-loaded\" data-src=\"https:\/\/m.media-amazon.com\/images\/S\/aplus-media-library-service-media\/76493d5b-0b69-44c8-940d-e7735424d12e.__CR0,0,300,300_PT0_SX300_V1___.jpg\"><\/p>\n<p> <img decoding=\"async\" alt=\"toallas para limpiar cocina quick dry rag with snaps cose nuove white dii\" src=\"https:\/\/m.media-amazon.com\/images\/S\/aplus-media-library-service-media\/76493d5b-0b69-44c8-940d-e7735424d12e.__CR0,0,300,300_PT0_SX300_V1___.jpg\"> <\/div>\n<\/th>\n<th class=\"apm-center\">\n<div class=\"apm-eventhirdcol apm-floatleft\">\n<p> <img decoding=\"async\" alt=\"wipes original german wood stove cheap dryer sets best lemon absorbent washcloth discloth danish\" src=\"https:\/\/images-na.ssl-images-amazon.com\/images\/G\/01\/x-locale\/common\/grey-pixel.gif\" class=\"a-spacing-mini a-lazy-loaded\" data-src=\"https:\/\/m.media-amazon.com\/images\/S\/aplus-media-library-service-media\/e763579f-99b5-47b2-838c-6b946c9c618b.__CR0,0,300,300_PT0_SX300_V1___.jpg\"><\/p>\n<p> <img decoding=\"async\" alt=\"wipes original german wood stove cheap dryer sets best lemon absorbent washcloth discloth danish\" src=\"https:\/\/m.media-amazon.com\/images\/S\/aplus-media-library-service-media\/e763579f-99b5-47b2-838c-6b946c9c618b.__CR0,0,300,300_PT0_SX300_V1___.jpg\"> <\/div>\n<\/th>\n<th class=\"apm-center\">\n<div class=\"apm-eventhirdcol apm-floatleft\">\n<p> <img decoding=\"async\" alt=\"family business feedback help product gifts presents\" src=\"https:\/\/images-na.ssl-images-amazon.com\/images\/G\/01\/x-locale\/common\/grey-pixel.gif\" class=\"a-spacing-mini a-lazy-loaded\" data-src=\"https:\/\/m.media-amazon.com\/images\/S\/aplus-media-library-service-media\/ba9bc710-c47f-43ba-a578-8bf3de550bdb.__CR0,0,300,300_PT0_SX300_V1___.jpg\"><\/p>\n<p> <img decoding=\"async\" alt=\"family business feedback help product gifts presents\" src=\"https:\/\/m.media-amazon.com\/images\/S\/aplus-media-library-service-media\/ba9bc710-c47f-43ba-a578-8bf3de550bdb.__CR0,0,300,300_PT0_SX300_V1___.jpg\"> <\/div>\n<\/th>\n<\/tr>\n<tr>\n<td class=\"apm-top\">\n<div class=\"apm-eventhirdcol apm-floatleft\">\n<h4 class=\"a-spacing-mini\"> Right-Sized for the Job <\/h4>\n<p> These economical dish cloths are exactly right-sized for their purpose. They&#8217;re the perfect hand size for dishwashing while having the absorbent capacity to quickly soak up spills too. You don&#8217;t need a rack of paper towels to take up space in the kitchen. You&#8217;ll love both the form and function of these stylish kitchen accessories! <\/p>\n<\/p><\/div>\n<\/td>\n<td class=\"apm-top\">\n<div class=\"apm-eventhirdcol apm-floatleft\">\n<h4 class=\"a-spacing-mini\"> Reinventing the Humble Dish Cloth <\/h4>\n<p> The tools we use to wash our dishes and clean up messes in the kitchen don&#8217;t have to be unpleasant. They can be efficient, economical, and nice to look at the same time. It all comes together at once in these good-looking dishcloths. Trust Epar\u00e9 to bring to market the best and most feature-packed home and lifestyle tools and accessories! <\/p>\n<\/p><\/div>\n<\/td>\n<td class=\"apm-top\">\n<div class=\"apm-eventhirdcol apm-floatleft\">\n<h4 class=\"a-spacing-mini\"> Meet the family behind it all! <\/h4>\n<p> That\u2019s a picture of my mom, brother, and me in 2012. I was 21 years old and she entrusted me with a small loan to start Epar\u00e9. She wanted me to make the best possible kitchen products, and the easiest way to achieve this is with your feedback! It helps me continue to improve our products and provide the best possible buying experience. Be sure to reach out with your questions and concerns because we are here to help. <\/p>\n<\/p><\/div>\n<\/td>\n<\/tr>\n<\/tbody>\n<\/table><\/div>\n<\/p><\/div>\n<div><\/div>\n<\/p><\/div>\n<div class=\"a-expander-header a-expander-partial-collapse-header a-text-left\">\n<div class=\"a-expander-content-fade\"><\/div>\n<p> <a href=\"void(0)\" data-action=\"a-expander-toggle\" class=\"a-declarative\" data-a-expander-toggle=\"{\"><i class=\"a-icon a-icon-extender-expand\"><\/i><span class=\"a-expander-prompt\">Read more<\/span><\/a> <\/div>\n<\/p><\/div>\n<\/p><\/div>\n<div class=\"celwidget aplus-module module-5 aplus-standard\" data-csa-c-id=\"oy8t5h-uvqkvi-rjkf9v-gak8z1\" data-cel-widget=\"aplus-module-5\">\n<div class=\"aplus-module-wrapper apm-fixed-width\">\n<div class=\"apm-spacing aplus-module-content\">\n<div class=\"apm-tablemodule\">\n<table class=\"apm-tablemodule-table\" cellspacing=\"0\" cellpadding=\"0\">\n<tbody>\n<tr class=\"apm-tablemodule-imagerows\">\n<th class=\"apm-tablemodule-blankkeyhead\"> <\/th>\n<th class=\"apm-tablemodule-image \"> <a href=\"\/dp\/B08L8MQKSW\/ref=emc_b_5_i\"> <img decoding=\"async\" alt=\"towels washable clothes house wash sponge dishcloth cellulose counters wet it european towel\" src=\"https:\/\/m.media-amazon.com\/images\/S\/aplus-media-library-service-media\/bcd16f88-6a89-4ebd-bc98-675a167036c3.__CR0,0,625,1251_PT0_SX150_V1___.jpg\" width=\"148.0px\"><\/a> <\/th>\n<th class=\"apm-tablemodule-image \"> <a href=\"\/dp\/B08B41J3F6\/ref=emc_b_5_i\"> <img decoding=\"async\" alt=\"dishcloths dish cloths sponges kitchen for washing dishes cleaning made in usa reusable paper\" src=\"https:\/\/m.media-amazon.com\/images\/S\/aplus-media-library-service-media\/4e08ef4f-8eea-497b-aa01-ea2158f95420.__CR0,0,625,1251_PT0_SX150_V1___.jpg\" width=\"148.0px\"><\/a> <\/th>\n<th class=\"apm-tablemodule-image \"> <a href=\"\/dp\/B07TV7JV23\/ref=emc_b_5_i\"> <img decoding=\"async\" alt=\"towels washable clothes house wash sponge dishcloth cellulose counters wet it european towel\" src=\"https:\/\/m.media-amazon.com\/images\/S\/aplus-media-library-service-media\/0de31e95-54ae-4a15-b5a2-0161c482125e.__CR0,0,625,1250_PT0_SX150_V1___.jpg\" width=\"148.0px\"><\/a> <\/th>\n<th class=\"apm-tablemodule-image \"> <a href=\"\/dp\/B00GG0SMLM\/ref=emc_b_5_i\"> <img decoding=\"async\" alt=\"stinky swiss resuable more dishwashing norwegian soak up trapos swedish\" src=\"https:\/\/m.media-amazon.com\/images\/S\/aplus-media-library-service-media\/0784b1d3-7b2d-4a67-a514-89a2bca0a54a.__CR0,0,625,1251_PT0_SX150_V1___.jpg\" width=\"148.0px\"><\/a> <\/th>\n<th class=\"apm-tablemodule-image \"> <a href=\"\/dp\/B08C9XCST2\/ref=emc_b_5_i\"> <img decoding=\"async\" alt=\"alternative esponja bamboo disposable reuseable rags odor free ecologie replacement washcloths\" src=\"https:\/\/m.media-amazon.com\/images\/S\/aplus-media-library-service-media\/19c3f49b-1f10-4dc3-85ec-43386e7de776.__CR0,0,150,300_PT0_SX150_V1___.jpg\" width=\"148.0px\"><\/a> <\/th>\n<\/tr>\n<tr class=\"apm-tablemodule-imagerows\">\n<th class=\"apm-tablemodule-blankkeyhead\"> <\/th>\n<th> <a href=\"\/dp\/B08L8MQKSW\/ref=emc_b_5_t\"> Epar\u00e9 Egg Cutter <\/a> <\/th>\n<th> <a href=\"\/dp\/B08B41J3F6\/ref=emc_b_5_t\"> Epar\u00e9 Ice Mallet <\/a> <\/th>\n<th> <a href=\"\/dp\/B07TV7JV23\/ref=emc_b_5_t\"> Epar\u00e9 Clear Ice System <\/a> <\/th>\n<th> <a href=\"\/dp\/B00GG0SMLM\/ref=emc_b_5_t\"> Epar\u00e9 Coffee Mugs <\/a> <\/th>\n<th> <a href=\"\/dp\/B08C9XCST2\/ref=emc_b_5_t\"> Epar\u00e9 Baguette Pan <\/a> <\/th>\n<\/tr>\n<tr class=\"apm-tablemodule-keyvalue\">\n<th class=\"apm-tablemodule-keyhead\"> <span class=\"a-color-secondary\"> Compatible Products <\/span> <\/th>\n<td class=\"apm-tablemodule-valuecell apm-checked selected\"> <span class=\"a-size-base\"> \u2713 <\/span> <\/td>\n<td class=\"apm-tablemodule-valuecell apm-checked\"> <span class=\"a-size-base\"> \u2713 <\/span> <\/td>\n<td class=\"apm-tablemodule-valuecell apm-checked selected\"> <span class=\"a-size-base\"> \u2713 <\/span> <\/td>\n<td class=\"apm-tablemodule-valuecell apm-checked\"> <span class=\"a-size-base\"> \u2713 <\/span> <\/td>\n<td class=\"apm-tablemodule-valuecell apm-checked selected\"> <span class=\"a-size-base\"> \u2713 <\/span> <\/td>\n<\/tr>\n<\/tbody>\n<\/table><\/div>\n<\/p><\/div>\n<\/p><\/div>\n<div><\/div>\n<\/p><\/div>\n<p>Make sure this fits by entering your model number.<br \/>\nMore Absorbent Than The Best Sponge: Washing dishes and cleaning up around the kitchen just got easier. These Swedish dishcloths are made of cellulose that can absorb more than 20 times its weight in liquid &#8211; far better than ordinary kitchen sponges.<br \/>\nDurable and Resusable: These dish cloths are made from 100% reusable cellulose. With natural cotton trim, they&#8217;ll last at least 8 weeks and can be washed up to 200 times. They&#8217;re a great alternative to those endless rolls of paper towels.<br \/>\nUnique Modern-Style Print: Just because they&#8217;re made to deal with messes doesn&#8217;t mean they can&#8217;t look great too! Our Swedish dishcloths for kitchen cleanup come in four unique prints for design-conscious consumers. They work great and look great too!<br \/>\nFast Drying and Easy to Maintain: These dishwasher cloths are quick-drying, which helps keep them clean and remove unwanted odors.<br \/>\nEpar\u00e9 Trusted Quality: You will receive eight (8) Epar\u00e9 Dish Cloth measuring 19.5 cm by 17 cm. Backed by Epar\u00e9 Limited Lifetime Promise.<br \/>\n<div class=\"main-cross-sell\" data-asin=\"B08ZYXZYNY\">\n\n\t<div class=\"WooZone-cross-sell-loader\">\n\t\t<div>\n\t\t\t<div id=\"floatingBarsG\">\n\t\t\t\t<div class=\"blockG\" id=\"rotateG_01\"><\/div>\n\t\t\t\t<div class=\"blockG\" id=\"rotateG_02\"><\/div>\n\t\t\t\t<div class=\"blockG\" id=\"rotateG_03\"><\/div>\n\t\t\t\t<div class=\"blockG\" id=\"rotateG_04\"><\/div>\n\t\t\t\t<div class=\"blockG\" id=\"rotateG_05\"><\/div>\n\t\t\t\t<div class=\"blockG\" id=\"rotateG_06\"><\/div>\n\t\t\t\t<div class=\"blockG\" id=\"rotateG_07\"><\/div>\n\t\t\t\t<div class=\"blockG\" id=\"rotateG_08\"><\/div>\n\t\t\t<\/div>\n\t\t\t<div class=\"WooZone-cross-sell-loader-text\"><\/div>\n\t\t<\/div>\n\t<\/div>\n\n\t\t\n<\/div>\n<div style=\"clear:both;\"><\/div><\/p>\n","protected":false},"excerpt":{"rendered":"<p>Make sure this fits by entering your model number.<br \/>\nMore Absorbent Than The Best Sponge: Washing dishes and cleaning up around the kitchen just got easier. These Swedish dishcloths are made of cellulose that can absorb more than 20 times its weight in liquid &#8211; far better than ordinary kitchen sponges.<br \/>\nDurable and Resusable: These dish cloths are made from 100% reusable cellulose. With natural cotton trim, they&#8217;ll last at least 8 weeks and can be washed up to 200 times. They&#8217;re a great alternative to those endless rolls of paper towels.<\/p>\n","protected":false},"featured_media":15724,"comment_status":"open","ping_status":"closed","template":"","meta":{"spay_email":""},"class_list":["post-15722","product","type-product","status-publish","has-post-thumbnail","hentry","product_cat-cleaning-cloths","product_cat-cleaning-tools","product_cat-health-and-household","product_cat-household-supplies","pa_brand-visit-the-epare-store","pa_item-weight-2-46-ounces","pa_manufacturer-epare","pa_product-dimensions-7-67-x-6-69-x-0-71-inches","pa_item-model-number-epka09","pa_date-first-available-september-1-2021","pa_department-kitchen"],"_links":{"self":[{"href":"https:\/\/123savers.com\/index.php\/wp-json\/wp\/v2\/product\/15722","targetHints":{"allow":["GET"]}}],"collection":[{"href":"https:\/\/123savers.com\/index.php\/wp-json\/wp\/v2\/product"}],"about":[{"href":"https:\/\/123savers.com\/index.php\/wp-json\/wp\/v2\/types\/product"}],"replies":[{"embeddable":true,"href":"https:\/\/123savers.com\/index.php\/wp-json\/wp\/v2\/comments?post=15722"}],"wp:featuredmedia":[{"embeddable":true,"href":"https:\/\/123savers.com\/index.php\/wp-json\/wp\/v2\/media\/15724"}],"wp:attachment":[{"href":"https:\/\/123savers.com\/index.php\/wp-json\/wp\/v2\/media?parent=15722"}],"curies":[{"name":"wp","href":"https:\/\/api.w.org\/{rel}","templated":true}]}}